{"id":255,"date":"2026-01-24T20:41:01","date_gmt":"2026-01-24T19:41:01","guid":{"rendered":"http:\/\/localhost\/gpilsorriso\/?page_id=255"},"modified":"2026-01-27T23:18:33","modified_gmt":"2026-01-27T22:18:33","slug":"percorsi-permanenti-3","status":"publish","type":"page","link":"https:\/\/www.gpilsorrisosarcedo.it\/index.php\/percorsi-permanenti-3\/","title":{"rendered":"Percorsi Permanenti"},"content":{"rendered":"\n<p class=\"has-vivid-red-color has-text-color has-link-color wp-elements-f37d2db88484e20b36eed5ca9e6ccb74\"><strong>SEGNALETICA<\/strong><\/p>\n\n\n\n<p class=\"has-text-align-justify has-text-align-justify\">I percorsi sono dotati di apposita segnaletica e mantenuti percorribili grazie al lavoro dei volontari del Gruppo Podisti \u201cIL SORRISO\u201d di Sarcedo. Si chiede pertanto a tutti coloro che usufruiranno di questi percorsi di rendere noto eventuali mancanze o danni riscontrati lungo il cammino.<\/p>\n\n\n\n<p class=\"has-text-align-justify has-text-align-justify\"><strong>Indicazioni utili:<\/strong>&nbsp;la segnaletica utilizzata \u00e8 una segnaletica verticale e si trova quindi su pali a circa 1,5 mt di altezza. Non vi sono indicazioni al suolo o su sassi.<\/p>\n\n\n\n<p class=\"has-text-align-justify has-text-align-justify\">\u2022 Segnaletica presente in corrispondenza di deviazioni e incroci<br>Si tratta di cartelli di forma rettangolare nei quali \u00e8 indicata la direzione da prendere.<br>Il fondo \u00e8 sempre bianco, la punta \u00e8 di colore blu e giallo e la coda gialla; le scritte sono in nero.<\/p>\n\n\n\n<figure class=\"wp-block-image aligncenter size-full is-resized\"><img loading=\"lazy\" decoding=\"async\" width=\"2560\" height=\"1416\" src=\"https:\/\/www.gpilsorrisosarcedo.it\/wp-content\/uploads\/2026\/01\/cartello-scaled.jpg\" alt=\"\" class=\"wp-image-336\" style=\"aspect-ratio:1.8085688240656335;object-fit:cover;width:300px\" srcset=\"https:\/\/www.gpilsorrisosarcedo.it\/wp-content\/uploads\/2026\/01\/cartello-scaled.jpg 2560w, https:\/\/www.gpilsorrisosarcedo.it\/wp-content\/uploads\/2026\/01\/cartello-300x166.jpg 300w, https:\/\/www.gpilsorrisosarcedo.it\/wp-content\/uploads\/2026\/01\/cartello-1024x566.jpg 1024w, https:\/\/www.gpilsorrisosarcedo.it\/wp-content\/uploads\/2026\/01\/cartello-768x425.jpg 768w, https:\/\/www.gpilsorrisosarcedo.it\/wp-content\/uploads\/2026\/01\/cartello-1536x849.jpg 1536w, https:\/\/www.gpilsorrisosarcedo.it\/wp-content\/uploads\/2026\/01\/cartello-2048x1132.jpg 2048w\" sizes=\"auto, (max-width: 2560px) 100vw, 2560px\" \/><\/figure>\n\n\n\n<p class=\"has-text-align-justify has-text-align-justify\">L\u2019indicazione&nbsp;<strong>KM _. _. _.<\/strong>&nbsp;riporta tutti i percorsi lungo i quali si pu\u00f2 procedere. Nei tratti comuni si pu\u00f2 avere la sovrapposizione di pi\u00f9 percorsi (come rappresentato in figura).<br>La dicitura&nbsp;<strong>SIETE AL KM [_]<\/strong>&nbsp;indica il chilometraggio gi\u00e0 fatto per il relativo percorso. Tale informazione viene fornita ogni 2 km circa.<\/p>\n\n\n\n<p class=\"has-text-align-justify has-text-align-justify\">\u2022 Segnaletica lungo il percorso<br>Sono presenti strisce di colore blu e giallo ad indicare la continuit\u00e0 del percorso.<\/p>\n\n\n\n<figure class=\"wp-block-image aligncenter size-full is-resized\"><img loading=\"lazy\" decoding=\"async\" width=\"2560\" height=\"776\" src=\"https:\/\/www.gpilsorrisosarcedo.it\/wp-content\/uploads\/2026\/01\/striscia-scaled.jpg\" alt=\"\" class=\"wp-image-347\" style=\"aspect-ratio:3.2970502700457;width:300px\" srcset=\"https:\/\/www.gpilsorrisosarcedo.it\/wp-content\/uploads\/2026\/01\/striscia-scaled.jpg 2560w, https:\/\/www.gpilsorrisosarcedo.it\/wp-content\/uploads\/2026\/01\/striscia-300x91.jpg 300w, https:\/\/www.gpilsorrisosarcedo.it\/wp-content\/uploads\/2026\/01\/striscia-1024x311.jpg 1024w, https:\/\/www.gpilsorrisosarcedo.it\/wp-content\/uploads\/2026\/01\/striscia-768x233.jpg 768w, https:\/\/www.gpilsorrisosarcedo.it\/wp-content\/uploads\/2026\/01\/striscia-1536x466.jpg 1536w, https:\/\/www.gpilsorrisosarcedo.it\/wp-content\/uploads\/2026\/01\/striscia-2048x621.jpg 2048w\" sizes=\"auto, (max-width: 2560px) 100vw, 2560px\" \/><\/figure>\n\n\n\n<p class=\"has-text-align-justify has-text-align-justify\">Sulla striscia gialla \u00e8 indicato il\/i percorso\/i lungo cui state procedendo.<br>Sulla segnaletica non viene indicata l\u2019altimetria del percorso.<\/p>\n\n\n\n<p class=\"has-text-align-justify has-text-align-justify\">Il percorso di 12 km passa in parte sul territorio del Comune di Montecchio Precalcino, mentre quello di 20 km anche sul territorio del Comune di Zugliano.<br>Nella segnaletica troverete quindi lo stemma comunale relativo. Si ringraziano le Amministrazioni dei Comuni interessati dal passaggio dei percorsi per la concessione ed il supporto.<\/p>\n","protected":false},"excerpt":{"rendered":"<p>SEGNALETICA I percorsi sono dotati di apposita segnaletica e mantenuti percorribili grazie al lavoro dei volontari del Gruppo Podisti \u201cIL SORRISO\u201d di Sarcedo. Si chiede pertanto a tutti coloro che usufruiranno di questi percorsi di rendere noto eventuali mancanze o danni riscontrati lungo il cammino. Indicazioni utili:&nbsp;la segnaletica utilizzata \u00e8 una segnaletica verticale e si [&hellip;]<\/p>\n","protected":false},"author":1,"featured_media":0,"parent":0,"menu_order":0,"comment_status":"closed","ping_status":"closed","template":"","meta":{"footnotes":""},"class_list":["post-255","page","type-page","status-publish","hentry"],"_links":{"self":[{"href":"https:\/\/www.gpilsorrisosarcedo.it\/index.php\/wp-json\/wp\/v2\/pages\/255","targetHints":{"allow":["GET"]}}],"collection":[{"href":"https:\/\/www.gpilsorrisosarcedo.it\/index.php\/wp-json\/wp\/v2\/pages"}],"about":[{"href":"https:\/\/www.gpilsorrisosarcedo.it\/index.php\/wp-json\/wp\/v2\/types\/page"}],"author":[{"embeddable":true,"href":"https:\/\/www.gpilsorrisosarcedo.it\/index.php\/wp-json\/wp\/v2\/users\/1"}],"replies":[{"embeddable":true,"href":"https:\/\/www.gpilsorrisosarcedo.it\/index.php\/wp-json\/wp\/v2\/comments?post=255"}],"version-history":[{"count":1,"href":"https:\/\/www.gpilsorrisosarcedo.it\/index.php\/wp-json\/wp\/v2\/pages\/255\/revisions"}],"predecessor-version":[{"id":391,"href":"https:\/\/www.gpilsorrisosarcedo.it\/index.php\/wp-json\/wp\/v2\/pages\/255\/revisions\/391"}],"wp:attachment":[{"href":"https:\/\/www.gpilsorrisosarcedo.it\/index.php\/wp-json\/wp\/v2\/media?parent=255"}],"curies":[{"name":"wp","href":"https:\/\/api.w.org\/{rel}","templated":true}]}}